{"id":139,"date":"2022-08-05T15:37:35","date_gmt":"2022-08-05T15:37:35","guid":{"rendered":"https:\/\/inclusionartesescenicas.es\/?page_id=139"},"modified":"2022-08-16T06:38:29","modified_gmt":"2022-08-16T06:38:29","slug":"informacion-practica","status":"publish","type":"page","link":"https:\/\/inclusionartesescenicas.es\/gl\/informacion-practica\/","title":{"rendered":"Informaci\u00f3n pr\u00e1ctica"},"content":{"rendered":"<div data-elementor-type=\"wp-page\" data-elementor-id=\"139\" class=\"elementor elementor-139\" data-elementor-post-type=\"page\">\n\t\t\t\t\t\t<section class=\"elementor-section elementor-top-section elementor-element elementor-element-90e00cd elementor-section-boxed elementor-section-height-default elementor-section-height-default\" data-id=\"90e00cd\" data-element_type=\"section\" data-e-type=\"section\" data-settings=\"{&quot;jet_parallax_layout_list&quot;:[]}\">\n\t\t\t\t\t\t<div class=\"elementor-container elementor-column-gap-default\">\n\t\t\t\t\t<div class=\"elementor-column elementor-col-100 elementor-top-column elementor-element elementor-element-c07d6d4\" data-id=\"c07d6d4\" data-element_type=\"column\" data-e-type=\"column\">\n\t\t\t<div class=\"elementor-widget-wrap elementor-element-populated\">\n\t\t\t\t\t\t<div class=\"elementor-element elementor-element-4be8c92 elementor-widget elementor-widget-heading\" data-id=\"4be8c92\" data-element_type=\"widget\" data-e-type=\"widget\" data-widget_type=\"heading.default\">\n\t\t\t\t<div class=\"elementor-widget-container\">\n\t\t\t\t\t<h3 class=\"elementor-heading-title elementor-size-default\">Como chegar<\/h3>\t\t\t\t<\/div>\n\t\t\t\t<\/div>\n\t\t\t\t<div class=\"elementor-element elementor-element-0f77acb elementor-widget elementor-widget-text-editor\" data-id=\"0f77acb\" data-element_type=\"widget\" data-e-type=\"widget\" data-widget_type=\"text-editor.default\">\n\t\t\t\t<div class=\"elementor-widget-container\">\n\t\t\t\t\t\t\t\t\t<p>A cidade de M\u00e1laga \u00e9 o centro dun importante n\u00facleo de comunicaci\u00f3ns, polo que chegar \u00e9 f\u00e1cil e accesible, independentemente do medio de transporte que se desexe.<\/p>\t\t\t\t\t\t\t\t<\/div>\n\t\t\t\t<\/div>\n\t\t\t\t\t<\/div>\n\t\t<\/div>\n\t\t\t\t\t<\/div>\n\t\t<\/section>\n\t\t\t\t<section class=\"elementor-section elementor-top-section elementor-element elementor-element-1eaa649 elementor-section-boxed elementor-section-height-default elementor-section-height-default\" data-id=\"1eaa649\" data-element_type=\"section\" data-e-type=\"section\" data-settings=\"{&quot;jet_parallax_layout_list&quot;:[]}\">\n\t\t\t\t\t\t<div class=\"elementor-container elementor-column-gap-default\">\n\t\t\t\t\t<div class=\"elementor-column elementor-col-100 elementor-top-column elementor-element elementor-element-facc815\" data-id=\"facc815\" data-element_type=\"column\" data-e-type=\"column\">\n\t\t\t<div class=\"elementor-widget-wrap elementor-element-populated\">\n\t\t\t\t\t\t<div class=\"elementor-element elementor-element-4fbbfbd elementor-widget elementor-widget-text-editor\" data-id=\"4fbbfbd\" data-element_type=\"widget\" data-e-type=\"widget\" data-widget_type=\"text-editor.default\">\n\t\t\t\t<div class=\"elementor-widget-container\">\n\t\t\t\t\t\t\t\t\t<p><strong>Estaci\u00f3n de RENFE Mar\u00eda Zambrano<\/strong><\/p><div class=\"a2a_kit a2a_kit_size_32 a2a_default_style pull-right\" style=\"touch-action: manipulation; outline: 0px; color: #333333; font-family: 'Helvetica Neue', Helvetica, Arial, sans-serif; font-size: 14px; line-height: 32px;\"><a class=\"a2a_dd\" style=\"background-color: transparent; color: #337ab7; cursor: pointer; float: left; line-height: 16px; padding: 0px 2px;\" href=\"https:\/\/www.addtoany.com\/share#url=https%3A%2F%2Fwww.malagaweb.com%2Fespanol%2Ftransporte%2Festacion-tren-malaga.php&amp;title=Estaci%C3%B3n%20de%20tren%20Maria%20Zambrano%20en%20M%C3%A1laga%20-%20Ave%2C%20tren%20de%20cercanias\"><span class=\"a2a_label a2a_localize\" style=\"clip-path: polygon(0px 0px, 0px 0px, 0px 0px); overflow: hidden; height: 1px; width: 1px; position: absolute !important;\" data-a2a-localize=\"inner,Share\">Compartir<\/span><\/a><a class=\"a2a_button_facebook\" style=\"background-color: transparent; color: #337ab7; cursor: pointer; float: left; line-height: 16px; padding: 0px 2px;\" href=\"https:\/\/www.malagaweb.com\/#facebook\" target=\"_blank\" rel=\"nofollow noopener\"><span class=\"a2a_label\" style=\"clip-path: polygon(0px 0px, 0px 0px, 0px 0px); overflow: hidden; height: 1px; width: 1px; position: absolute !important;\">Facebook<\/span><\/a><a class=\"a2a_button_twitter\" style=\"background-color: transparent; color: #337ab7; cursor: pointer; float: left; line-height: 16px; padding: 0px 2px;\" href=\"https:\/\/www.malagaweb.com\/#twitter\" target=\"_blank\" rel=\"nofollow noopener\"><span class=\"a2a_label\" style=\"clip-path: polygon(0px 0px, 0px 0px, 0px 0px); overflow: hidden; height: 1px; width: 1px; position: absolute !important;\">Twitter<\/span><\/a><a class=\"a2a_button_email\" style=\"background-color: transparent; color: #337ab7; cursor: pointer; float: left; line-height: 16px; padding: 0px 2px;\" href=\"https:\/\/www.malagaweb.com\/#email\" target=\"_blank\" rel=\"nofollow noopener\"><span class=\"a2a_label\" style=\"clip-path: polygon(0px 0px, 0px 0px, 0px 0px); overflow: hidden; height: 1px; width: 1px; position: absolute !important;\">Correo electr\u00f3nico<\/span><\/a><a class=\"a2a_button_whatsapp\" style=\"background-color: transparent; color: #337ab7; cursor: pointer; float: left; line-height: 16px; padding: 0px 2px;\" href=\"https:\/\/www.malagaweb.com\/#whatsapp\" target=\"_blank\" rel=\"nofollow noopener\"><span class=\"a2a_label\" style=\"clip-path: polygon(0px 0px, 0px 0px, 0px 0px); overflow: hidden; height: 1px; width: 1px; position: absolute !important;\">WhatsApp<\/span><\/a><a class=\"a2a_button_telegram\" style=\"background-color: transparent; color: #337ab7; cursor: pointer; float: left; line-height: 16px; padding: 0px 2px;\" href=\"https:\/\/www.malagaweb.com\/#telegram\" target=\"_blank\" rel=\"nofollow noopener\"><span class=\"a2a_label\" style=\"clip-path: polygon(0px 0px, 0px 0px, 0px 0px); overflow: hidden; height: 1px; width: 1px; position: absolute !important;\">Telegrama<\/span><\/a><\/div><p style=\"margin-bottom: 10px; font-size: 16px; color: #333333; font-family: 'Helvetica Neue', Helvetica, Arial, sans-serif;\">A s\u00faa c\u00e9ntrica situaci\u00f3n e a s\u00faa excelente comunicaci\u00f3n con outros medios de transporte fixeron da estaci\u00f3n de tren de Mar\u00eda Zambrano un interesante punto de referencia tanto para viaxes como para o lecer en M\u00e1laga, a capital da Costa do Sol. A estaci\u00f3n de tren est\u00e1 situada xunto \u00e1 estaci\u00f3n de autobuses, onde se atopa a estaci\u00f3n de autobuses. A 2 km do porto de M\u00e1laga e a 9 km do aeroporto de M\u00e1laga, co que est\u00e1 conectado co\u00a0<a style=\"background-color: transparent; color: #337ab7;\" href=\"https:\/\/www.malagaweb.com\/espanol\/transporte\/tren-cercanias-malaga.php\">tren de cercan\u00edas<\/a>\u00a0C-1.<\/p><p>informaci\u00f3n, reservar entradas, cambialas ou cancelalas:<br \/>912 320 320<\/p><p>Pasaxeiros con discapacidade<br \/>912 140 505<\/p><p>Informaci\u00f3n xeral<br \/>912 432 343<\/p><p><a href=\"http:\/\/www.renfe.com\/\" target=\"_blank\" rel=\"noopener\">http:\/\/www.renfe.com\/<\/a><\/p><p><strong>Aeroporto de M\u00e1laga<\/strong><\/p><p>O aeroporto de M\u00e1laga-Costa do Sol \u00e9 un dos m\u00e1is importantes de Espa\u00f1a conectado coas principais cidades do mundo. Situada a tan s\u00f3 oito quil\u00f3metros do Centro Hist\u00f3rico da cidade, destaca polas s\u00faas modernas terminais e a s\u00faa ampla oferta comercial. O aeroporto de M\u00e1laga recibe uns 14 mill\u00f3ns de pasaxeiros ao ano, o que o converte na porta de entrada a toda Andaluc\u00eda. Actualmente m\u00e1is de 50 compa\u00f1\u00edas a\u00e9reas operan nas s\u00faas instalaci\u00f3ns.<\/p><p>Avenida Garc\u00eda Morato s\/n, 29004 M\u00e1laga<br \/>Tel\u00e9fono: 902 404 704<br \/>Correo electr\u00f3nico: infoagp@e-externas.aena.es<br \/>Web: <a href=\"http:\/\/www.aena.es\">www.aena.es<\/a><\/p><p><strong>Estaci\u00f3n de autobuses de M\u00e1laga<\/strong><\/p><p>A estaci\u00f3n de autobuses est\u00e1 situada nun lugar c\u00e9ntrico da cidade, e a s\u00faa comunicaci\u00f3n con outros importantes medios de comunicaci\u00f3n tam\u00e9n \u00e9 sinxela. De feito, at\u00f3pase a car\u00f3n da estaci\u00f3n de ferrocarril de Mar\u00eda Zambrano, e por al\u00ed tam\u00e9n pasa o autob\u00fas que vai ao Aeroporto. As s\u00faas instalaci\u00f3ns son amplas, o seu peirao de pasaxeiros acolle un gran n\u00famero de autobuses, sendo os viaxeiros sempre resgardados por marquesi\u00f1as e soportais que os protexer\u00e1n das posibles inclemencias meteorol\u00f3xicas.<\/p><p>A estaci\u00f3n opera con empresas destinadas \u00e1s cidades e vilas de M\u00e1laga, Andaluc\u00eda e o resto de Espa\u00f1a a nivel nacional. Pero tam\u00e9n traballa con empresas con orixe e destino en Europa e que incluso poden proporcionarche paso e escala ao norte de \u00c1frica.<\/p><p>Paseo dos Tilos s\/n. CP 29006 M\u00e1laga<br \/><strong>correo electr\u00f3nico:<\/strong>\u00a0estbus@stea.com Informaci\u00f3n sobre destinos, empresas, prezos e horarios das distintas li\u00f1as de autobuses interurbanos<br \/><strong>Tel\u00e9fono centralita:<\/strong>\u00a0952 35 00 61<br \/><strong>P\u00e1xina web:\u00a0<\/strong><a href=\"http:\/\/www.estabus.emtsam.es\/\" target=\"_blank\" rel=\"noopener\">www.estabus.emtsam.es<\/a><\/p>\t\t\t\t\t\t\t\t<\/div>\n\t\t\t\t<\/div>\n\t\t\t\t\t<\/div>\n\t\t<\/div>\n\t\t\t\t\t<\/div>\n\t\t<\/section>\n\t\t\t\t<\/div>","protected":false},"excerpt":{"rendered":"<p>Como chegar A cidade de M\u00e1laga \u00e9 o centro dun importante n\u00facleo de comunicaci\u00f3ns, polo que chegar \u00e9 f\u00e1cil e accesible, independentemente do medio de transporte que desexes utilizar. Estaci\u00f3n Mar\u00eda Zambrano RENFE CompartirFacebookTwitterEmailWhatsAppTelegram A s\u00faa c\u00e9ntrica situaci\u00f3n e a s\u00faa excelente comunicaci\u00f3n con outros tipos de transporte fixeron que o \u2026 <a title=\"Informaci\u00f3n pr\u00e1ctica\" class=\"read-more\" href=\"https:\/\/inclusionartesescenicas.es\/gl\/informacion-practica\/\" aria-label=\"Ler m\u00e1is sobre Informaci\u00f3n pr\u00e1ctica\">Le m\u00e1is<\/a><\/p>","protected":false},"author":1,"featured_media":0,"parent":0,"menu_order":0,"comment_status":"closed","ping_status":"closed","template":"","meta":{"footnotes":""},"class_list":["post-139","page","type-page","status-publish"],"_links":{"self":[{"href":"https:\/\/inclusionartesescenicas.es\/gl\/wp-json\/wp\/v2\/pages\/139","targetHints":{"allow":["GET"]}}],"collection":[{"href":"https:\/\/inclusionartesescenicas.es\/gl\/wp-json\/wp\/v2\/pages"}],"about":[{"href":"https:\/\/inclusionartesescenicas.es\/gl\/wp-json\/wp\/v2\/types\/page"}],"author":[{"embeddable":true,"href":"https:\/\/inclusionartesescenicas.es\/gl\/wp-json\/wp\/v2\/users\/1"}],"replies":[{"embeddable":true,"href":"https:\/\/inclusionartesescenicas.es\/gl\/wp-json\/wp\/v2\/comments?post=139"}],"version-history":[{"count":0,"href":"https:\/\/inclusionartesescenicas.es\/gl\/wp-json\/wp\/v2\/pages\/139\/revisions"}],"wp:attachment":[{"href":"https:\/\/inclusionartesescenicas.es\/gl\/wp-json\/wp\/v2\/media?parent=139"}],"curies":[{"name":"wp","href":"https:\/\/api.w.org\/{rel}","templated":true}]}}