{"id":137,"date":"2022-08-05T16:05:13","date_gmt":"2022-08-05T16:05:13","guid":{"rendered":"https:\/\/inclusionartesescenicas.es\/?page_id=137"},"modified":"2022-08-06T06:56:42","modified_gmt":"2022-08-06T06:56:42","slug":"espacios","status":"publish","type":"page","link":"https:\/\/inclusionartesescenicas.es\/eu\/espacios\/","title":{"rendered":"Espazioak"},"content":{"rendered":"\t\t<div data-elementor-type=\"wp-page\" data-elementor-id=\"137\" class=\"elementor elementor-137\" data-elementor-post-type=\"page\">\n\t\t\t\t\t\t<section class=\"elementor-section elementor-top-section elementor-element elementor-element-68584e0 elementor-section-boxed elementor-section-height-default elementor-section-height-default\" data-id=\"68584e0\" data-element_type=\"section\" data-e-type=\"section\" data-settings=\"{&quot;jet_parallax_layout_list&quot;:[]}\">\n\t\t\t\t\t\t<div class=\"elementor-container elementor-column-gap-default\">\n\t\t\t\t\t<div class=\"elementor-column elementor-col-50 elementor-top-column elementor-element elementor-element-38e9430\" data-id=\"38e9430\" data-element_type=\"column\" data-e-type=\"column\" data-settings=\"{&quot;background_background&quot;:&quot;slideshow&quot;,&quot;background_slideshow_gallery&quot;:[{&quot;id&quot;:141,&quot;url&quot;:&quot;https:\\\/\\\/inclusionartesescenicas.es\\\/wp-content\\\/uploads\\\/2022\\\/08\\\/TeatroCanovas-1-1.jpg&quot;}],&quot;background_slideshow_loop&quot;:&quot;yes&quot;,&quot;background_slideshow_slide_duration&quot;:5000,&quot;background_slideshow_slide_transition&quot;:&quot;fade&quot;,&quot;background_slideshow_transition_duration&quot;:500}\">\n\t\t\t<div class=\"elementor-widget-wrap\">\n\t\t\t\t\t\t\t<\/div>\n\t\t<\/div>\n\t\t\t\t<div class=\"elementor-column elementor-col-50 elementor-top-column elementor-element elementor-element-b3a333c\" data-id=\"b3a333c\" data-element_type=\"column\" data-e-type=\"column\">\n\t\t\t<div class=\"elementor-widget-wrap elementor-element-populated\">\n\t\t\t\t\t\t<div class=\"elementor-element elementor-element-f159c56 elementor-widget elementor-widget-heading\" data-id=\"f159c56\" data-element_type=\"widget\" data-e-type=\"widget\" data-widget_type=\"heading.default\">\n\t\t\t\t<div class=\"elementor-widget-container\">\n\t\t\t\t\t<h2 class=\"elementor-heading-title elementor-size-default\">Teatro C\u00e1novas de M\u00e1laga<\/h2>\t\t\t\t<\/div>\n\t\t\t\t<\/div>\n\t\t\t\t<div class=\"elementor-element elementor-element-c836e4f elementor-widget elementor-widget-text-editor\" data-id=\"c836e4f\" data-element_type=\"widget\" data-e-type=\"widget\" data-widget_type=\"text-editor.default\">\n\t\t\t\t<div class=\"elementor-widget-container\">\n\t\t\t\t\t\t\t\t\t<p>El Teatro C\u00e1novas es un teatro de la ciudad de M\u00e1laga, Espa\u00f1a, y est\u00e1 situado en la colina del Ejido, en el distrito Centro.<\/p><p>Inaugurado en 1991, desde el a\u00f1o 2005 lo gestiona la Agencia Andaluza de Instituciones Culturales, entidad adscrita a la Consejer\u00eda de Cultura y Patrimonio Hist\u00f3rico de la Junta de Andaluc\u00eda.<\/p><p>El Teatro C\u00e1novas dispone de 370 localidades y una peque\u00f1a sala B con un aforo de 50 localidades, forman parte de los denominados espacios esc\u00e9nicos multidisciplinares y polivalentes adscritos a la Consejer\u00eda de Cultura y Patrimonio Hist\u00f3rico de la Junta de Andaluc\u00eda. Desde la temporada 2013-2014 el Teatro C\u00e1novas experimenta un nuevo giro en la programaci\u00f3n dedic\u00e1ndose al<strong>\u00a0p\u00fablico infantil y juvenil<\/strong>.. Dos espacios vinculados a la ciudad de M\u00e1laga donde se respira producci\u00f3n propia y propuestas llenas de creatividad y contemporaneidad para diferentes p\u00fablicos.<\/p><p><strong>La programaci\u00f3n infantil y familiar<\/strong>\u00a0del Teatro C\u00e1novas persigue acercar a los ni\u00f1os y ni\u00f1as a la escena y ofrece cada temporada programas espec\u00edficos como el Proyecto Thespis, el Ciclo de Teatro, m\u00fasica, danza, circo y flamenco para ni\u00f1@s y j\u00f3venes dedicado a los centros docentes con sus coloquios al finalizar la funci\u00f3n donde se fomenta el esp\u00edritu cr\u00edtico entre el alumnado as\u00ed como el Festival Internacional de Teatro Con T\u00edteres, Objeto y Visual, Ciclo de Humor.<\/p>\t\t\t\t\t\t\t\t<\/div>\n\t\t\t\t<\/div>\n\t\t\t\t\t<\/div>\n\t\t<\/div>\n\t\t\t\t\t<\/div>\n\t\t<\/section>\n\t\t\t\t<section class=\"elementor-section elementor-top-section elementor-element elementor-element-5437eaf elementor-section-boxed elementor-section-height-default elementor-section-height-default\" data-id=\"5437eaf\" data-element_type=\"section\" data-e-type=\"section\" data-settings=\"{&quot;jet_parallax_layout_list&quot;:[]}\">\n\t\t\t\t\t\t<div class=\"elementor-container elementor-column-gap-default\">\n\t\t\t\t\t<div class=\"elementor-column elementor-col-100 elementor-top-column elementor-element elementor-element-190ec0e\" data-id=\"190ec0e\" data-element_type=\"column\" data-e-type=\"column\">\n\t\t\t<div class=\"elementor-widget-wrap elementor-element-populated\">\n\t\t\t\t\t\t<div class=\"elementor-element elementor-element-32014e9 elementor-widget elementor-widget-google_maps\" data-id=\"32014e9\" data-element_type=\"widget\" data-e-type=\"widget\" data-widget_type=\"google_maps.default\">\n\t\t\t\t<div class=\"elementor-widget-container\">\n\t\t\t\t\t\t\t<div class=\"elementor-custom-embed\">\n\t\t\t<iframe loading=\"lazy\"\n\t\t\t\t\tsrc=\"https:\/\/www.google.com\/maps\/embed\/v1\/place?key=AIzaSyDZoV13LWowupdyCJJwbFlNUgh6pcGbwxE&#038;q=Teatro%20Canovas%20M%C3%A1laga&#038;zoom=16\"\n\t\t\t\t\ttitle=\"Teatro Canovas M\u00e1laga\"\n\t\t\t\t\taria-label=\"Teatro Canovas M\u00e1laga\"\n\t\t\t><\/iframe>\n\t\t<\/div>\n\t\t\t\t\t\t<\/div>\n\t\t\t\t<\/div>\n\t\t\t\t<div class=\"elementor-element elementor-element-c67642f elementor-widget-divider--view-line elementor-widget elementor-widget-divider\" data-id=\"c67642f\" data-element_type=\"widget\" data-e-type=\"widget\" data-widget_type=\"divider.default\">\n\t\t\t\t<div class=\"elementor-widget-container\">\n\t\t\t\t\t\t\t<div class=\"elementor-divider\">\n\t\t\t<span class=\"elementor-divider-separator\">\n\t\t\t\t\t\t<\/span>\n\t\t<\/div>\n\t\t\t\t\t\t<\/div>\n\t\t\t\t<\/div>\n\t\t\t\t\t<\/div>\n\t\t<\/div>\n\t\t\t\t\t<\/div>\n\t\t<\/section>\n\t\t\t\t<section class=\"elementor-section elementor-top-section elementor-element elementor-element-7126938 elementor-section-boxed elementor-section-height-default elementor-section-height-default\" data-id=\"7126938\" data-element_type=\"section\" data-e-type=\"section\" data-settings=\"{&quot;jet_parallax_layout_list&quot;:[]}\">\n\t\t\t\t\t\t<div class=\"elementor-container elementor-column-gap-default\">\n\t\t\t\t\t<div class=\"elementor-column elementor-col-50 elementor-top-column elementor-element elementor-element-6457b1f\" data-id=\"6457b1f\" data-element_type=\"column\" data-e-type=\"column\">\n\t\t\t<div class=\"elementor-widget-wrap elementor-element-populated\">\n\t\t\t\t\t\t<div class=\"elementor-element elementor-element-c39241d elementor-widget elementor-widget-heading\" data-id=\"c39241d\" data-element_type=\"widget\" data-e-type=\"widget\" data-widget_type=\"heading.default\">\n\t\t\t\t<div class=\"elementor-widget-container\">\n\t\t\t\t\t<h2 class=\"elementor-heading-title elementor-size-default\">El\u00a0Centro Cultural La Malagueta\u00a0<\/h2>\t\t\t\t<\/div>\n\t\t\t\t<\/div>\n\t\t\t\t<div class=\"elementor-element elementor-element-1fdad19 elementor-widget elementor-widget-text-editor\" data-id=\"1fdad19\" data-element_type=\"widget\" data-e-type=\"widget\" data-widget_type=\"text-editor.default\">\n\t\t\t\t<div class=\"elementor-widget-container\">\n\t\t\t\t\t\t\t\t\t<div class=\"elementor-column elementor-col-50 elementor-top-column elementor-element elementor-element-706fcba\" data-id=\"706fcba\" data-element_type=\"column\"><div class=\"elementor-column-wrap elementor-element-populated\"><div class=\"elementor-widget-wrap\"><div class=\"elementor-element elementor-element-a8f64ab elementor-widget elementor-widget-text-editor\" data-id=\"a8f64ab\" data-element_type=\"widget\" data-widget_type=\"text-editor.default\"><div class=\"elementor-widget-container\"><div class=\"elementor-text-editor elementor-clearfix\"><p class=\"p1\"><strong>El\u00a0Centro Cultural La Malagueta\u00a0<\/strong>abri\u00f3 sus puertas el pasado 31 de enero de 2020, tras la rehabilitaci\u00f3n de uno de los edificios simb\u00f3licos de M\u00e1laga, su Plaza de Toros.\u00a0<\/p><\/div><\/div><\/div><\/div><\/div><\/div><div class=\"elementor-column elementor-col-50 elementor-top-column elementor-element elementor-element-68e13ea\" data-id=\"68e13ea\" data-element_type=\"column\"><div class=\"elementor-column-wrap elementor-element-populated\"><div class=\"elementor-widget-wrap\"><div class=\"elementor-element elementor-element-c4255f5 elementor-widget elementor-widget-text-editor\" data-id=\"c4255f5\" data-element_type=\"widget\" data-widget_type=\"text-editor.default\"><div class=\"elementor-widget-container\"><div class=\"elementor-text-editor elementor-clearfix\"><p>Dicha rehabilitaci\u00f3n permiti\u00f3 paliar su grave deterioro estructural y recuperar su fachada original de ladrillo visto, tal como hace 145 a\u00f1os. Una renovaci\u00f3n que se llev\u00f3 a cabo por la Diputaci\u00f3n de M\u00e1laga, que posee la titularidad del edificio.<\/p><\/div><\/div><\/div><\/div><\/div><\/div>\t\t\t\t\t\t\t\t<\/div>\n\t\t\t\t<\/div>\n\t\t\t\t\t<\/div>\n\t\t<\/div>\n\t\t\t\t<div class=\"elementor-column elementor-col-50 elementor-top-column elementor-element elementor-element-d1afb38\" data-id=\"d1afb38\" data-element_type=\"column\" data-e-type=\"column\" data-settings=\"{&quot;background_background&quot;:&quot;slideshow&quot;,&quot;background_slideshow_gallery&quot;:[{&quot;id&quot;:146,&quot;url&quot;:&quot;https:\\\/\\\/inclusionartesescenicas.es\\\/wp-content\\\/uploads\\\/2022\\\/08\\\/sala_puerta9.jpg&quot;}],&quot;background_slideshow_loop&quot;:&quot;yes&quot;,&quot;background_slideshow_slide_duration&quot;:5000,&quot;background_slideshow_slide_transition&quot;:&quot;fade&quot;,&quot;background_slideshow_transition_duration&quot;:500}\">\n\t\t\t<div class=\"elementor-widget-wrap\">\n\t\t\t\t\t\t\t<\/div>\n\t\t<\/div>\n\t\t\t\t\t<\/div>\n\t\t<\/section>\n\t\t\t\t<section class=\"elementor-section elementor-top-section elementor-element elementor-element-b29157e elementor-section-boxed elementor-section-height-default elementor-section-height-default\" data-id=\"b29157e\" data-element_type=\"section\" data-e-type=\"section\" data-settings=\"{&quot;jet_parallax_layout_list&quot;:[]}\">\n\t\t\t\t\t\t<div class=\"elementor-container elementor-column-gap-default\">\n\t\t\t\t\t<div class=\"elementor-column elementor-col-100 elementor-top-column elementor-element elementor-element-72ec426\" data-id=\"72ec426\" data-element_type=\"column\" data-e-type=\"column\">\n\t\t\t<div class=\"elementor-widget-wrap elementor-element-populated\">\n\t\t\t\t\t\t<div class=\"elementor-element elementor-element-710a5bd elementor-widget elementor-widget-google_maps\" data-id=\"710a5bd\" data-element_type=\"widget\" data-e-type=\"widget\" data-widget_type=\"google_maps.default\">\n\t\t\t\t<div class=\"elementor-widget-container\">\n\t\t\t\t\t\t\t<div class=\"elementor-custom-embed\">\n\t\t\t<iframe loading=\"lazy\"\n\t\t\t\t\tsrc=\"https:\/\/www.google.com\/maps\/embed\/v1\/place?key=AIzaSyDZoV13LWowupdyCJJwbFlNUgh6pcGbwxE&#038;q=Centro%20Cultural%20la%20malagueta&#038;zoom=15\"\n\t\t\t\t\ttitle=\"Centro Cultural la malagueta\"\n\t\t\t\t\taria-label=\"Centro Cultural la malagueta\"\n\t\t\t><\/iframe>\n\t\t<\/div>\n\t\t\t\t\t\t<\/div>\n\t\t\t\t<\/div>\n\t\t\t\t\t<\/div>\n\t\t<\/div>\n\t\t\t\t\t<\/div>\n\t\t<\/section>\n\t\t\t\t<\/div>\n\t\t","protected":false},"excerpt":{"rendered":"<p>C\u00e1novas Antzokia Malagako C\u00e1novas Antzokia M\u00e1laga hiriko (Espainia) antzoki bat da, eta Ejido muinoan dago, Centro auzoan. 1991n inauguratu zen, eta 2005az geroztik Andaluziako Kultura Erakundeen Agentziak kudeatzen du, Kultura eta Ondare Historikoko Ministerioari atxikitako erakundea... <a title=\"Espazioak\" class=\"read-more\" href=\"https:\/\/inclusionartesescenicas.es\/eu\/espacios\/\" aria-label=\"Irakurri gehiago Espazioei buruz\">Gehiago irakurri<\/a><\/p>","protected":false},"author":1,"featured_media":0,"parent":0,"menu_order":0,"comment_status":"closed","ping_status":"closed","template":"","meta":{"footnotes":""},"class_list":["post-137","page","type-page","status-publish"],"_links":{"self":[{"href":"https:\/\/inclusionartesescenicas.es\/eu\/wp-json\/wp\/v2\/pages\/137","targetHints":{"allow":["GET"]}}],"collection":[{"href":"https:\/\/inclusionartesescenicas.es\/eu\/wp-json\/wp\/v2\/pages"}],"about":[{"href":"https:\/\/inclusionartesescenicas.es\/eu\/wp-json\/wp\/v2\/types\/page"}],"author":[{"embeddable":true,"href":"https:\/\/inclusionartesescenicas.es\/eu\/wp-json\/wp\/v2\/users\/1"}],"replies":[{"embeddable":true,"href":"https:\/\/inclusionartesescenicas.es\/eu\/wp-json\/wp\/v2\/comments?post=137"}],"version-history":[{"count":0,"href":"https:\/\/inclusionartesescenicas.es\/eu\/wp-json\/wp\/v2\/pages\/137\/revisions"}],"wp:attachment":[{"href":"https:\/\/inclusionartesescenicas.es\/eu\/wp-json\/wp\/v2\/media?parent=137"}],"curies":[{"name":"wp","href":"https:\/\/api.w.org\/{rel}","templated":true}]}}