{"id":139,"date":"2022-08-05T15:37:35","date_gmt":"2022-08-05T15:37:35","guid":{"rendered":"https:\/\/inclusionartesescenicas.es\/?page_id=139"},"modified":"2022-08-16T06:38:29","modified_gmt":"2022-08-16T06:38:29","slug":"informacion-practica","status":"publish","type":"page","link":"https:\/\/inclusionartesescenicas.es\/ca\/informacion-practica\/","title":{"rendered":"Informaci\u00f3 Pr\u00e0ctica"},"content":{"rendered":"<div data-elementor-type=\"wp-page\" data-elementor-id=\"139\" class=\"elementor elementor-139\" data-elementor-post-type=\"page\">\n\t\t\t\t\t\t<section class=\"elementor-section elementor-top-section elementor-element elementor-element-90e00cd elementor-section-boxed elementor-section-height-default elementor-section-height-default\" data-id=\"90e00cd\" data-element_type=\"section\" data-e-type=\"section\" data-settings=\"{&quot;jet_parallax_layout_list&quot;:[]}\">\n\t\t\t\t\t\t<div class=\"elementor-container elementor-column-gap-default\">\n\t\t\t\t\t<div class=\"elementor-column elementor-col-100 elementor-top-column elementor-element elementor-element-c07d6d4\" data-id=\"c07d6d4\" data-element_type=\"column\" data-e-type=\"column\">\n\t\t\t<div class=\"elementor-widget-wrap elementor-element-populated\">\n\t\t\t\t\t\t<div class=\"elementor-element elementor-element-4be8c92 elementor-widget elementor-widget-heading\" data-id=\"4be8c92\" data-element_type=\"widget\" data-e-type=\"widget\" data-widget_type=\"heading.default\">\n\t\t\t\t<div class=\"elementor-widget-container\">\n\t\t\t\t\t<h3 class=\"elementor-heading-title elementor-size-default\">Com arribar<\/h3>\t\t\t\t<\/div>\n\t\t\t\t<\/div>\n\t\t\t\t<div class=\"elementor-element elementor-element-0f77acb elementor-widget elementor-widget-text-editor\" data-id=\"0f77acb\" data-element_type=\"widget\" data-e-type=\"widget\" data-widget_type=\"text-editor.default\">\n\t\t\t\t<div class=\"elementor-widget-container\">\n\t\t\t\t\t\t\t\t\t<p>La ciutat de M\u00e0laga \u00e9s el centre d&#039;un important nus de comunicacions, per la qual cosa arribar-hi \u00e9s f\u00e0cil i accessible, amb independ\u00e8ncia del mitj\u00e0 de transport que vulgueu utilitzar.<\/p>\t\t\t\t\t\t\t\t<\/div>\n\t\t\t\t<\/div>\n\t\t\t\t\t<\/div>\n\t\t<\/div>\n\t\t\t\t\t<\/div>\n\t\t<\/section>\n\t\t\t\t<section class=\"elementor-section elementor-top-section elementor-element elementor-element-1eaa649 elementor-section-boxed elementor-section-height-default elementor-section-height-default\" data-id=\"1eaa649\" data-element_type=\"section\" data-e-type=\"section\" data-settings=\"{&quot;jet_parallax_layout_list&quot;:[]}\">\n\t\t\t\t\t\t<div class=\"elementor-container elementor-column-gap-default\">\n\t\t\t\t\t<div class=\"elementor-column elementor-col-100 elementor-top-column elementor-element elementor-element-facc815\" data-id=\"facc815\" data-element_type=\"column\" data-e-type=\"column\">\n\t\t\t<div class=\"elementor-widget-wrap elementor-element-populated\">\n\t\t\t\t\t\t<div class=\"elementor-element elementor-element-4fbbfbd elementor-widget elementor-widget-text-editor\" data-id=\"4fbbfbd\" data-element_type=\"widget\" data-e-type=\"widget\" data-widget_type=\"text-editor.default\">\n\t\t\t\t<div class=\"elementor-widget-container\">\n\t\t\t\t\t\t\t\t\t<p><strong>Estaci\u00f3 Mar\u00eda Zambrano RENFE<\/strong><\/p><div class=\"a2a_kit a2a_kit_size_32 a2a_default_style pull-right\" style=\"touch-action: manipulation; outline: 0px; color: #333333; font-family: 'Helvetica Neue', Helvetica, Arial, sans-serif; font-size: 14px; line-height: 32px;\"><a class=\"a2a_dd\" style=\"background-color: transparent; color: #337ab7; cursor: pointer; float: left; line-height: 16px; padding: 0px 2px;\" href=\"https:\/\/www.addtoany.com\/share#url=https%3A%2F%2Fwww.malagaweb.com%2Fespanol%2Ftransporte%2Festacion-tren-malaga.php&amp;title=Estaci%C3%B3n%20de%20tren%20Maria%20Zambrano%20en%20M%C3%A1laga%20-%20Ave%2C%20tren%20de%20cercanias\"><span class=\"a2a_label a2a_localize\" style=\"clip-path: polygon(0px 0px, 0px 0px, 0px 0px); overflow: hidden; height: 1px; width: 1px; position: absolute !important;\" data-a2a-localize=\"inner,Share\">Compartir<\/span><\/a><a class=\"a2a_button_facebook\" style=\"background-color: transparent; color: #337ab7; cursor: pointer; float: left; line-height: 16px; padding: 0px 2px;\" href=\"https:\/\/www.malagaweb.com\/#facebook\" target=\"_blank\" rel=\"nofollow noopener\"><span class=\"a2a_label\" style=\"clip-path: polygon(0px 0px, 0px 0px, 0px 0px); overflow: hidden; height: 1px; width: 1px; position: absolute !important;\">Facebook<\/span><\/a><a class=\"a2a_button_twitter\" style=\"background-color: transparent; color: #337ab7; cursor: pointer; float: left; line-height: 16px; padding: 0px 2px;\" href=\"https:\/\/www.malagaweb.com\/#twitter\" target=\"_blank\" rel=\"nofollow noopener\"><span class=\"a2a_label\" style=\"clip-path: polygon(0px 0px, 0px 0px, 0px 0px); overflow: hidden; height: 1px; width: 1px; position: absolute !important;\">Twitter<\/span><\/a><a class=\"a2a_button_email\" style=\"background-color: transparent; color: #337ab7; cursor: pointer; float: left; line-height: 16px; padding: 0px 2px;\" href=\"https:\/\/www.malagaweb.com\/#email\" target=\"_blank\" rel=\"nofollow noopener\"><span class=\"a2a_label\" style=\"clip-path: polygon(0px 0px, 0px 0px, 0px 0px); overflow: hidden; height: 1px; width: 1px; position: absolute !important;\">Email<\/span><\/a><a class=\"a2a_button_whatsapp\" style=\"background-color: transparent; color: #337ab7; cursor: pointer; float: left; line-height: 16px; padding: 0px 2px;\" href=\"https:\/\/www.malagaweb.com\/#whatsapp\" target=\"_blank\" rel=\"nofollow noopener\"><span class=\"a2a_label\" style=\"clip-path: polygon(0px 0px, 0px 0px, 0px 0px); overflow: hidden; height: 1px; width: 1px; position: absolute !important;\">WhatsApp<\/span><\/a><a class=\"a2a_button_telegram\" style=\"background-color: transparent; color: #337ab7; cursor: pointer; float: left; line-height: 16px; padding: 0px 2px;\" href=\"https:\/\/www.malagaweb.com\/#telegram\" target=\"_blank\" rel=\"nofollow noopener\"><span class=\"a2a_label\" style=\"clip-path: polygon(0px 0px, 0px 0px, 0px 0px); overflow: hidden; height: 1px; width: 1px; position: absolute !important;\">Telegram<\/span><\/a><\/div><p style=\"margin-bottom: 10px; font-size: 16px; color: #333333; font-family: 'Helvetica Neue', Helvetica, Arial, sans-serif;\">La seva ubicaci\u00f3 central i la seva excel\u00b7lent comunicaci\u00f3 amb altres tipus de transport han convertit l&#039;estaci\u00f3 de tren Maria Zambrano en un punt de refer\u00e8ncia interessant tant per a viatges com per a l&#039;oci a M\u00e0laga, la capital de la Costa del Sol. L&#039;estaci\u00f3 de trens est\u00e0 situada al costat de l\u00b4estaci\u00f3 d\u00b4autobusos, a 2 km del port de M\u00e0laga ia 9 km de l\u00b4aeroport de M\u00e0laga, amb el qual est\u00e0 connectada amb el\u00a0<a style=\"background-color: transparent; color: #337ab7;\" href=\"https:\/\/www.malagaweb.com\/espanol\/transporte\/tren-cercanias-malaga.php\">tren de rodalies<\/a>\u00a0C-1.<\/p><p>informaci\u00f3, reservar bitllets, canviar-los o anul\u00b7lar-los:<br \/>912 320 320<\/p><p>Passatgers amb discapacitat<br \/>912 140 505<\/p><p>Informaci\u00f3 general<br \/>912 432 343<\/p><p><a href=\"http:\/\/www.renfe.com\/\" target=\"_blank\" rel=\"noopener\">http:\/\/www.renfe.com\/<\/a><\/p><p><strong>Aeroport de M\u00e0laga<\/strong><\/p><p>L&#039;Aeroport de M\u00e0laga-Costa del Sol \u00e9s un dels m\u00e9s importants d&#039;Espanya connectat amb les principals ciutats del m\u00f3n. Situat a nom\u00e9s vuit quil\u00f2metres del Centre Hist\u00f2ric de la ciutat, destaca per les seves modernes terminals i la seva \u00e0mplia oferta comercial. L&#039;aeroport de M\u00e0laga rep al voltant de 14 milions de passatgers a l&#039;any, cosa que el situa com la porta d&#039;entrada per a tota Andalusia. Actualment a les seves instal\u00b7lacions operen m\u00e9s de 50 companyies a\u00e8ries.<\/p><p>Avinguda Garc\u00eda Morato s\/n, 29004 M\u00e0laga<br \/>Tel\u00e8fon: 902 404 704<br \/>E-mail : infoagp@e-externas.aena.es<br \/>Web: <a href=\"http:\/\/www.aena.es\">www.aena.es<\/a><\/p><p><strong>Estaci\u00f3 d&#039;autobusos de M\u00e0laga<\/strong><\/p><p>L&#039;estaci\u00f3 d&#039;autobusos es troba en un lloc c\u00e8ntric de la ciutat, i la comunicaci\u00f3 amb altres mitjans de comunicaci\u00f3 tamb\u00e9 \u00e9s senzill. De fet es troba ubicada al costat de l&#039;estaci\u00f3 de ferrocarrils Mar\u00eda Zambrano, i hi passa tamb\u00e9 l&#039;autob\u00fas amb destinaci\u00f3 a l&#039;aeroport. Les seves instal\u00b7lacions s\u00f3n espaioses, acollint el seu moll de passatgers a un gran nombre d&#039;autobusos, i els viatgers estan sempre aixoplugats per una marquesina i unes porxades que els protegiran de les possibles inclem\u00e8ncies climatol\u00f2giques.<\/p><p>L&#039;estaci\u00f3 opera amb companyies amb destinaci\u00f3 a les ciutats i els pobles de M\u00e0laga, Andalusia i la resta d&#039;Espanya a nivell nacional. Per\u00f2 tamb\u00e9 treballa amb companyies amb origen i dest\u00ed a Europa i que fins i tot li poden proporcionar passatge i escala per al nord d&#039;\u00c0frica.<\/p><p>Passeig dels Tils s\/n. CP 29006 M\u00e0laga<br \/><strong>e-mail:<\/strong>\u00a0estbus@stea.com Informaci\u00f3 sobre destinacions, companyies, preus i horaris de les diferents l\u00ednies d&#039;autobusos interurbans<br \/><strong>Tel\u00e8fon centraleta:<\/strong>\u00a0952 35 00 61<br \/><strong>P\u00e0gina web:\u00a0<\/strong><a href=\"http:\/\/www.estabus.emtsam.es\/\" target=\"_blank\" rel=\"noopener\">www.estabus.emtsam.es<\/a><\/p>\t\t\t\t\t\t\t\t<\/div>\n\t\t\t\t<\/div>\n\t\t\t\t\t<\/div>\n\t\t<\/div>\n\t\t\t\t\t<\/div>\n\t\t<\/section>\n\t\t\t\t<\/div>","protected":false},"excerpt":{"rendered":"<p>Com arribar-hi La ciutat de M\u00e0laga \u00e9s el centre d&#039;un important nus de comunicacions, per la qual cosa arribar-hi \u00e9s f\u00e0cil i accessible, amb independ\u00e8ncia del mitj\u00e0 de transport que vulgueu utilitzar. Estaci\u00f3 Mar\u00eda Zambrano RENFE CompartirFacebookTwitterEmailWhatsAppTelegram La seva ubicaci\u00f3 central i la seva excel\u00b7lent comunicaci\u00f3 amb altres tipus de transport han convertit la \u2026 <a title=\"Informaci\u00f3 Pr\u00e0ctica\" class=\"read-more\" href=\"https:\/\/inclusionartesescenicas.es\/ca\/informacion-practica\/\" aria-label=\"M\u00e9s informaci\u00f3 sobre Informaci\u00f3 Pr\u00e0ctica\">Llegiu m\u00e9s<\/a><\/p>","protected":false},"author":1,"featured_media":0,"parent":0,"menu_order":0,"comment_status":"closed","ping_status":"closed","template":"","meta":{"footnotes":""},"class_list":["post-139","page","type-page","status-publish"],"_links":{"self":[{"href":"https:\/\/inclusionartesescenicas.es\/ca\/wp-json\/wp\/v2\/pages\/139","targetHints":{"allow":["GET"]}}],"collection":[{"href":"https:\/\/inclusionartesescenicas.es\/ca\/wp-json\/wp\/v2\/pages"}],"about":[{"href":"https:\/\/inclusionartesescenicas.es\/ca\/wp-json\/wp\/v2\/types\/page"}],"author":[{"embeddable":true,"href":"https:\/\/inclusionartesescenicas.es\/ca\/wp-json\/wp\/v2\/users\/1"}],"replies":[{"embeddable":true,"href":"https:\/\/inclusionartesescenicas.es\/ca\/wp-json\/wp\/v2\/comments?post=139"}],"version-history":[{"count":0,"href":"https:\/\/inclusionartesescenicas.es\/ca\/wp-json\/wp\/v2\/pages\/139\/revisions"}],"wp:attachment":[{"href":"https:\/\/inclusionartesescenicas.es\/ca\/wp-json\/wp\/v2\/media?parent=139"}],"curies":[{"name":"wp","href":"https:\/\/api.w.org\/{rel}","templated":true}]}}